{"id":489,"date":"2017-12-15T10:53:34","date_gmt":"2017-12-15T09:53:34","guid":{"rendered":"https:\/\/www.cestassezbiendetrefou.com\/?page_id=489\/"},"modified":"2017-12-15T17:44:25","modified_gmt":"2017-12-15T16:44:25","slug":"to-buy-the-dvd","status":"publish","type":"page","link":"https:\/\/www.cestassezbiendetrefou.com\/en\/to-buy-the-dvd\/","title":{"rendered":"To buy the DVD"},"content":{"rendered":"<p>THIRD EDITION<br \/>\nScreenprinted &#038; limited edition (500 copies)<\/p>\n<p>DVD 1 (1h50)<br \/>\n. Film<br \/>\n. Teaser<\/p>\n<p>DVD 2 (3h45)<br \/>\n. Cut scenes with comments<br \/>\n. Abandoned scenes<br \/>\n. Fabrication secrets<br \/>\n. Interviews with Antoine Page and Bilal Berreni<br \/>\n. Music recording<\/p>\n<p>&nbsp;<\/p>\n<div class=\"container\">\n<div class=\"row\">\n<div class=\"col-md-3 col-lg-2 nopadding\"><a class=\"btn btn-cheque\" href=\"#\">Payment by check<\/a><\/div>\n<div class=\"col-md-3 col-lg-2 nopadding\">\n<form action=\"https:\/\/www.paypal.com\/cgi-bin\/webscr\" method=\"post\" target=\"_blank\"><input name=\"cmd\" type=\"hidden\" value=\"_s-xclick\" \/><input name=\"hosted_button_id\" type=\"hidden\" value=\"RX2DN4Q7FHUWG\" \/><input class=\"btn\" alt=\"PayPal, le r\u00e9flexe s\u00e9curit\u00e9 pour payer en ligne\" name=\"submit\" type=\"submit\" value=\"Payment by Paypal\" \/><\/form>\n<\/div>\n<\/div>\n<\/div>\n<h5>Check payable to : La Maison du Directeur<br \/>\nAddress : La maison du directeur<br \/>\n1 rue Vermot,\u00a039600 Mesnay<\/h5>\n","protected":false},"excerpt":{"rendered":"<p>THIRD EDITION Screenprinted &#038; limited edition (500 copies) DVD 1 (1h50) . Film . Teaser DVD 2 (3h45) . Cut scenes with comments . Abandoned scenes . Fabrication secrets . Interviews with Antoine Page and Bilal Berreni . Music recording &nbsp; Payment by check Check payable to : La Maison du Directeur Address : La [&hellip;]<\/p>\n","protected":false},"author":1,"featured_media":0,"parent":0,"menu_order":0,"comment_status":"closed","ping_status":"closed","template":"","meta":{"_acf_changed":false,"_exactmetrics_skip_tracking":false,"_exactmetrics_sitenote_active":false,"_exactmetrics_sitenote_note":"","_exactmetrics_sitenote_category":0,"footnotes":""},"class_list":["post-489","page","type-page","status-publish","hentry"],"acf":[],"_links":{"self":[{"href":"https:\/\/www.cestassezbiendetrefou.com\/en\/wp-json\/wp\/v2\/pages\/489","targetHints":{"allow":["GET"]}}],"collection":[{"href":"https:\/\/www.cestassezbiendetrefou.com\/en\/wp-json\/wp\/v2\/pages"}],"about":[{"href":"https:\/\/www.cestassezbiendetrefou.com\/en\/wp-json\/wp\/v2\/types\/page"}],"author":[{"embeddable":true,"href":"https:\/\/www.cestassezbiendetrefou.com\/en\/wp-json\/wp\/v2\/users\/1"}],"replies":[{"embeddable":true,"href":"https:\/\/www.cestassezbiendetrefou.com\/en\/wp-json\/wp\/v2\/comments?post=489"}],"version-history":[{"count":0,"href":"https:\/\/www.cestassezbiendetrefou.com\/en\/wp-json\/wp\/v2\/pages\/489\/revisions"}],"wp:attachment":[{"href":"https:\/\/www.cestassezbiendetrefou.com\/en\/wp-json\/wp\/v2\/media?parent=489"}],"curies":[{"name":"wp","href":"https:\/\/api.w.org\/{rel}","templated":true}]}}