{"id":482,"date":"2017-12-15T10:47:57","date_gmt":"2017-12-15T09:47:57","guid":{"rendered":"https:\/\/www.cestassezbiendetrefou.com\/?page_id=482\/"},"modified":"2018-01-25T00:55:39","modified_gmt":"2018-01-24T23:55:39","slug":"page-pro","status":"publish","type":"page","link":"https:\/\/www.cestassezbiendetrefou.com\/en\/page-pro\/","title":{"rendered":"Professionnal space"},"content":{"rendered":"<p><a class=\"btn white\" href=\"https:\/\/vimeo.com\/83193795\" target=\"_blank\" rel=\"no noopener opener\">Film (complete version) &#8211; click here<\/a><\/p>\n<h4>CODE TO ACCES FILM : please write to <u>film.cestassezbiendetrefou@gmail.com<\/u><\/h4>\n<h4>DISTRIBUTION CONTACT : Z\u00e9lie Chosson &#8211; 06 52 49 60 70<\/h4>\n<p>&nbsp;<\/p>\n<p>Nous souhaitons initier de v\u00e9ritables collaborations avec les cin\u00e9mas partenaires. Nous mettrons \u00e0 la disposition des salles qui le souhaitent des \u00e9l\u00e9ments graphiques sp\u00e9cifiques\u2009: affiches r\u00e9alis\u00e9es en pochoirs, \u00e9tendards \u00ab\u2009Potemkine\u2009\u00bb en toiles de jute, signal\u00e9tique d\u00e9velopp\u00e9e \u00e0 partir des visuels de la bande-annonce du film\u2026 Plusieurs courts m\u00e9trages montrant Bilal en train de peindre pourront servir d\u2019avant programme. Il est \u00e9galement envisageable d\u2019organiser des \u00e9v\u00e8nements sp\u00e9cifiques autour du film (mise en situation des maquettes du film, organisation de d\u00e9bats, expositions, intervention de street artistes, collaboration avec les centres d\u2019art\u2026).<\/p>\n<p><a class=\"btn\" href=\"https:\/\/vimeo.com\/87668514\" data-fancybox=\"video\">Trailer<\/a> <a class=\"btn\" href=\"https:\/\/www.cestassezbiendetrefou.com\/wp-content\/uploads\/CABEF_Doss_Presse.pdf\" target=\"_blank\" rel=\"no noopener opener\">Press release<\/a> <a class=\"btn\" href=\"https:\/\/www.cestassezbiendetrefou.com\/wp-content\/uploads\/Elements_graphiques.zip\">Graphic elements<\/a> <a class=\"btn\" href=\"https:\/\/www.cestassezbiendetrefou.com\/wp-content\/uploads\/accrochage.jpg\" data-fancybox=\"images\">Pictures<\/a><\/p>\n<div style=\"display: none;\"><a class=\"btn\" href=\"https:\/\/www.cestassezbiendetrefou.com\/wp-content\/uploads\/accrochage.jpg\" data-fancybox=\"images\">Photos<\/a><br \/>\n<a class=\"btn\" href=\"https:\/\/www.cestassezbiendetrefou.com\/wp-content\/uploads\/photos_1.jpg\" data-fancybox=\"images\">Photos<\/a><br \/>\n<a class=\"btn\" href=\"https:\/\/www.cestassezbiendetrefou.com\/wp-content\/uploads\/photos_2.jpg\" data-fancybox=\"images\">Photos<\/a><\/div>\n","protected":false},"excerpt":{"rendered":"<p>Film (complete version) &#8211; click here CODE TO ACCES FILM : please write to film.cestassezbiendetrefou@gmail.com DISTRIBUTION CONTACT : Z\u00e9lie Chosson &#8211; 06 52 49 60 70 &nbsp; Nous souhaitons initier de v\u00e9ritables collaborations avec les cin\u00e9mas partenaires. Nous mettrons \u00e0 la disposition des salles qui le souhaitent des \u00e9l\u00e9ments graphiques sp\u00e9cifiques\u2009: affiches r\u00e9alis\u00e9es en pochoirs, [&hellip;]<\/p>\n","protected":false},"author":1,"featured_media":0,"parent":0,"menu_order":0,"comment_status":"closed","ping_status":"closed","template":"","meta":{"_acf_changed":false,"_exactmetrics_skip_tracking":false,"_exactmetrics_sitenote_active":false,"_exactmetrics_sitenote_note":"","_exactmetrics_sitenote_category":0,"footnotes":""},"class_list":["post-482","page","type-page","status-publish","hentry"],"acf":[],"_links":{"self":[{"href":"https:\/\/www.cestassezbiendetrefou.com\/en\/wp-json\/wp\/v2\/pages\/482","targetHints":{"allow":["GET"]}}],"collection":[{"href":"https:\/\/www.cestassezbiendetrefou.com\/en\/wp-json\/wp\/v2\/pages"}],"about":[{"href":"https:\/\/www.cestassezbiendetrefou.com\/en\/wp-json\/wp\/v2\/types\/page"}],"author":[{"embeddable":true,"href":"https:\/\/www.cestassezbiendetrefou.com\/en\/wp-json\/wp\/v2\/users\/1"}],"replies":[{"embeddable":true,"href":"https:\/\/www.cestassezbiendetrefou.com\/en\/wp-json\/wp\/v2\/comments?post=482"}],"version-history":[{"count":0,"href":"https:\/\/www.cestassezbiendetrefou.com\/en\/wp-json\/wp\/v2\/pages\/482\/revisions"}],"wp:attachment":[{"href":"https:\/\/www.cestassezbiendetrefou.com\/en\/wp-json\/wp\/v2\/media?parent=482"}],"curies":[{"name":"wp","href":"https:\/\/api.w.org\/{rel}","templated":true}]}}